{"id":76,"date":"2021-12-22T10:14:29","date_gmt":"2021-12-22T13:14:29","guid":{"rendered":"https:\/\/louismenezes.com.br\/portfolio\/mobiliar\/?post_type=product&#038;p=76"},"modified":"2021-12-23T09:04:01","modified_gmt":"2021-12-23T12:04:01","slug":"sofa-3-lugares-living-pe-palito-linho-cotton-cinza-210-cm","status":"publish","type":"product","link":"https:\/\/louismenezes.com.br\/portfolio\/mobiliar\/produto\/sofa-3-lugares-living-pe-palito-linho-cotton-cinza-210-cm\/","title":{"rendered":"Sof\u00e1 3 Lugares Living P\u00e9 Palito Linho Cotton Cinza 210 cm"},"content":{"rendered":"<h2>Descri\u00e7\u00e3o<\/h2>\n<div id=\"info-section\" class=\"src__WrapperProductInfo-sc-13f3i2j-1 czDBal\">\n<div class=\"src__Description-sc-13f3i2j-3 iTcIrv\">Que tal o Sof\u00e1 Living?Para receber os amigos e familiares com muita eleg\u00e2ncia e conforto ou mesmo ficar aconchegante enquanto assiste a um filme ou l\u00ea um livro, o Sof\u00e1 Living \u00e9 a op\u00e7\u00e3o ideal. O design aposta na simplicidade das linhas e das formas, perfeito para um ambiente contempor\u00e2neo ou retr\u00f4. Todo o charme do m\u00f3vel est\u00e1 nos p\u00e9s em formato palito e na possibilidade que ele te d\u00e1 de fazer uma combina\u00e7\u00e3o diferente sempre que quiser mudar o seu ambiente. Legal, n\u00e9?<\/div>\n<div><\/div>\n<div><strong>Ficha T\u00e9cnica<\/strong><\/div>\n<div><\/div>\n<\/div>\n<div class=\"src__DeskWrapper-sc-70o4ee-4 kgeEqy\">\n<table class=\"src__SpecsCell-sc-70o4ee-6 gAUMqG\">\n<tbody>\n<tr class=\"src__View-sc-70o4ee-7 XVhZW\">\n<td class=\"src__Text-sc-70o4ee-8 hayRRx\">C\u00f3digo<\/td>\n<td class=\"src__Text-sc-70o4ee-8 hayRRx\">78761622<\/td>\n<\/tr>\n<tr class=\"src__View-sc-70o4ee-7 XVhZW\">\n<td class=\"src__Text-sc-70o4ee-8 hayRRx\">C\u00f3digo de barras<\/td>\n<td class=\"src__Text-sc-70o4ee-8 hayRRx\">7909659002027<\/td>\n<\/tr>\n<tr class=\"src__View-sc-70o4ee-7 XVhZW\">\n<td class=\"src__Text-sc-70o4ee-8 hayRRx\">Cor<\/td>\n<td class=\"src__Text-sc-70o4ee-8 hayRRx\">Cinza<\/td>\n<\/tr>\n<tr class=\"src__View-sc-70o4ee-7 XVhZW\">\n<td class=\"src__Text-sc-70o4ee-8 hayRRx\">Material<\/td>\n<td class=\"src__Text-sc-70o4ee-8 hayRRx\">Linho<\/td>\n<\/tr>\n<tr class=\"src__View-sc-70o4ee-7 XVhZW\">\n<td class=\"src__Text-sc-70o4ee-8 hayRRx\">Produto<\/td>\n<td class=\"src__Text-sc-70o4ee-8 hayRRx\">Sof\u00e1<\/td>\n<\/tr>\n<tr class=\"src__View-sc-70o4ee-7 XVhZW\">\n<td class=\"src__Text-sc-70o4ee-8 hayRRx\">Largura<\/td>\n<td class=\"src__Text-sc-70o4ee-8 hayRRx\">210 cm<\/td>\n<\/tr>\n<tr class=\"src__View-sc-70o4ee-7 XVhZW\">\n<td class=\"src__Text-sc-70o4ee-8 hayRRx\">Modelo<\/td>\n<td class=\"src__Text-sc-70o4ee-8 hayRRx\">Living<\/td>\n<\/tr>\n<tr class=\"src__View-sc-70o4ee-7 XVhZW\">\n<td class=\"src__Text-sc-70o4ee-8 hayRRx\">Tipo de Produto<\/td>\n<td class=\"src__Text-sc-70o4ee-8 hayRRx\">Cama<\/td>\n<\/tr>\n<tr class=\"src__View-sc-70o4ee-7 XVhZW\">\n<td class=\"src__Text-sc-70o4ee-8 hayRRx\">Marca<\/td>\n<td class=\"src__Text-sc-70o4ee-8 hayRRx\">Mobly<\/td>\n<\/tr>\n<tr class=\"src__View-sc-70o4ee-7 XVhZW\">\n<td class=\"src__Text-sc-70o4ee-8 hayRRx\">N\u00famero de Lugares<\/td>\n<td class=\"src__Text-sc-70o4ee-8 hayRRx\">3 Lugares<\/td>\n<\/tr>\n<tr class=\"src__View-sc-70o4ee-7 XVhZW\">\n<td class=\"src__Text-sc-70o4ee-8 hayRRx\">Desmont\u00e1vel<\/td>\n<td class=\"src__Text-sc-70o4ee-8 hayRRx\">0<\/td>\n<\/tr>\n<tr class=\"src__View-sc-70o4ee-7 XVhZW\">\n<td class=\"src__Text-sc-70o4ee-8 hayRRx\">Quantidade de pe\u00e7as<\/td>\n<td class=\"src__Text-sc-70o4ee-8 hayRRx\">1 pe\u00e7a<\/td>\n<\/tr>\n<tr class=\"src__View-sc-70o4ee-7 XVhZW\">\n<td class=\"src__Text-sc-70o4ee-8 hayRRx\">Tipo de assento<\/td>\n<td class=\"src__Text-sc-70o4ee-8 hayRRx\">Fixo<\/td>\n<\/tr>\n<tr class=\"src__View-sc-70o4ee-7 XVhZW\">\n<td class=\"src__Text-sc-70o4ee-8 hayRRx\">Tipo de p\u00e9<\/td>\n<td class=\"src__Text-sc-70o4ee-8 hayRRx\">Fixo<\/td>\n<\/tr>\n<tr class=\"src__View-sc-70o4ee-7 XVhZW\">\n<td class=\"src__Text-sc-70o4ee-8 hayRRx\">Sof\u00e1 \u2013 cama<\/td>\n<td class=\"src__Text-sc-70o4ee-8 hayRRx\">0<\/td>\n<\/tr>\n<tr class=\"src__View-sc-70o4ee-7 XVhZW\">\n<td class=\"src__Text-sc-70o4ee-8 hayRRx\">Tipo<\/td>\n<td class=\"src__Text-sc-70o4ee-8 hayRRx\">Fixo<\/td>\n<\/tr>\n<tr class=\"src__View-sc-70o4ee-7 XVhZW\">\n<td class=\"src__Text-sc-70o4ee-8 hayRRx\">Peso suportado por assento ( kg )<\/td>\n<td class=\"src__Text-sc-70o4ee-8 hayRRx\">105.00<\/td>\n<\/tr>\n<tr class=\"src__View-sc-70o4ee-7 XVhZW\">\n<td class=\"src__Text-sc-70o4ee-8 hayRRx\">Nbm<\/td>\n<td class=\"src__Text-sc-70o4ee-8 hayRRx\">foo<\/td>\n<\/tr>\n<tr class=\"src__View-sc-70o4ee-7 XVhZW\">\n<td class=\"src__Text-sc-70o4ee-8 hayRRx\">Material do enchimento do encosto<\/td>\n<td class=\"src__Text-sc-70o4ee-8 hayRRx\">Espuma D23<\/td>\n<\/tr>\n<tr class=\"src__View-sc-70o4ee-7 XVhZW\">\n<td class=\"src__Text-sc-70o4ee-8 hayRRx\">Peso da embalagem c\/ produto (kg)<\/td>\n<td class=\"src__Text-sc-70o4ee-8 hayRRx\">95.000<\/td>\n<\/tr>\n<tr class=\"src__View-sc-70o4ee-7 XVhZW\">\n<td class=\"src__Text-sc-70o4ee-8 hayRRx\">Produto precisa de montagem ?<\/td>\n<td class=\"src__Text-sc-70o4ee-8 hayRRx\">Sim, instala\u00e7\u00e3o dos p\u00e9s<\/td>\n<\/tr>\n<tr class=\"src__View-sc-70o4ee-7 XVhZW\">\n<td class=\"src__Text-sc-70o4ee-8 hayRRx\">Comprimento do produto ( cm )<\/td>\n<td class=\"src__Text-sc-70o4ee-8 hayRRx\">80<\/td>\n<\/tr>\n<tr class=\"src__View-sc-70o4ee-7 XVhZW\">\n<td class=\"src__Text-sc-70o4ee-8 hayRRx\">Material dos p\u00e9s<\/td>\n<td class=\"src__Text-sc-70o4ee-8 hayRRx\">Pinus<\/td>\n<\/tr>\n<tr class=\"src__View-sc-70o4ee-7 XVhZW\">\n<td class=\"src__Text-sc-70o4ee-8 hayRRx\">Material do enchimento do assento<\/td>\n<td class=\"src__Text-sc-70o4ee-8 hayRRx\">Espuma D16<\/td>\n<\/tr>\n<tr class=\"src__View-sc-70o4ee-7 XVhZW\">\n<td class=\"src__Text-sc-70o4ee-8 hayRRx\">\u00c9 girat\u00f3rio<\/td>\n<td class=\"src__Text-sc-70o4ee-8 hayRRx\">N\u00e3o<\/td>\n<\/tr>\n<tr class=\"src__View-sc-70o4ee-7 XVhZW\">\n<td class=\"src__Text-sc-70o4ee-8 hayRRx\">Altura (cm)<\/td>\n<td class=\"src__Text-sc-70o4ee-8 hayRRx\">79<\/td>\n<\/tr>\n<tr class=\"src__View-sc-70o4ee-7 XVhZW\">\n<td class=\"src__Text-sc-70o4ee-8 hayRRx\">Tipo de mola<\/td>\n<td class=\"src__Text-sc-70o4ee-8 hayRRx\">Mola Nanolastic<\/td>\n<\/tr>\n<tr class=\"src__View-sc-70o4ee-7 XVhZW\">\n<td class=\"src__Text-sc-70o4ee-8 hayRRx\">Controle remoto<\/td>\n<td class=\"src__Text-sc-70o4ee-8 hayRRx\">0<\/td>\n<\/tr>\n<tr class=\"src__View-sc-70o4ee-7 XVhZW\">\n<td class=\"src__Text-sc-70o4ee-8 hayRRx\">Possui ba\u00fa ?<\/td>\n<td class=\"src__Text-sc-70o4ee-8 hayRRx\">N\u00e3o<\/td>\n<\/tr>\n<tr class=\"src__View-sc-70o4ee-7 XVhZW\">\n<td class=\"src__Text-sc-70o4ee-8 hayRRx\">Tipo de encosto<\/td>\n<td class=\"src__Text-sc-70o4ee-8 hayRRx\">Fixo<\/td>\n<\/tr>\n<tr class=\"src__View-sc-70o4ee-7 XVhZW\">\n<td class=\"src__Text-sc-70o4ee-8 hayRRx\">Peso suportado ( kg )<\/td>\n<td class=\"src__Text-sc-70o4ee-8 hayRRx\">240<\/td>\n<\/tr>\n<tr class=\"src__View-sc-70o4ee-7 XVhZW\">\n<td class=\"src__Text-sc-70o4ee-8 hayRRx\">Largura (cm)<\/td>\n<td class=\"src__Text-sc-70o4ee-8 hayRRx\">210<\/td>\n<\/tr>\n<tr class=\"src__View-sc-70o4ee-7 XVhZW\">\n<td class=\"src__Text-sc-70o4ee-8 hayRRx\">Conte\u00fado da embalagem<\/td>\n<td class=\"src__Text-sc-70o4ee-8 hayRRx\">1 Sof\u00e1 \u2013 Entregue em: 1 Volume<\/td>\n<\/tr>\n<tr class=\"src__View-sc-70o4ee-7 XVhZW\">\n<td class=\"src__Text-sc-70o4ee-8 hayRRx\">Instru\u00e7\u00f5es \/ cuidados<\/td>\n<td class=\"src__Text-sc-70o4ee-8 hayRRx\">N\u00e3o expor ao sol e n\u00e3o usar produtos qu\u00edmicos<\/td>\n<\/tr>\n<tr class=\"src__View-sc-70o4ee-7 XVhZW\">\n<td class=\"src__Text-sc-70o4ee-8 hayRRx\">Dimens\u00f5es aproximadas da embalagem c\/ produto (AxLxP)<\/td>\n<td class=\"src__Text-sc-70o4ee-8 hayRRx\">Altura: 79 cm | Largura: 210 cm | Profundidade: 80 cm<\/td>\n<\/tr>\n<tr class=\"src__View-sc-70o4ee-7 XVhZW\">\n<td class=\"src__Text-sc-70o4ee-8 hayRRx\">Caracter\u00edsticas especiais<\/td>\n<td class=\"src__Text-sc-70o4ee-8 hayRRx\">Fixo<\/td>\n<\/tr>\n<tr class=\"src__View-sc-70o4ee-7 XVhZW\">\n<td class=\"src__Text-sc-70o4ee-8 hayRRx\">Altura do assento ( cm )<\/td>\n<td class=\"src__Text-sc-70o4ee-8 hayRRx\">43<\/td>\n<\/tr>\n<tr class=\"src__View-sc-70o4ee-7 XVhZW\">\n<td class=\"src__Text-sc-70o4ee-8 hayRRx\">Acompanha banco \/ puff<\/td>\n<td class=\"src__Text-sc-70o4ee-8 hayRRx\">N\u00e3o<\/td>\n<\/tr>\n<tr class=\"src__View-sc-70o4ee-7 XVhZW\">\n<td class=\"src__Text-sc-70o4ee-8 hayRRx\">Material da estrutura<\/td>\n<td class=\"src__Text-sc-70o4ee-8 hayRRx\">Pinus<\/td>\n<\/tr>\n<\/tbody>\n<\/table>\n<\/div>\n","protected":false},"excerpt":{"rendered":"<p>Que tal o Sof\u00e1 Living?Para receber os amigos e familiares com muita eleg\u00e2ncia e conforto ou mesmo ficar aconchegante enquanto assiste a um filme ou l\u00ea um livro, o Sof\u00e1 Living \u00e9 a op\u00e7\u00e3o ideal. O design aposta na simplicidade das linhas e das formas, perfeito para um ambiente contempor\u00e2neo ou retr\u00f4. Todo o charme do m\u00f3vel est\u00e1 nos p\u00e9s em formato palito e na possibilidade que ele te d\u00e1 de fazer uma combina\u00e7\u00e3o diferente sempre que quiser mudar o seu ambiente. Legal, n\u00e9?<\/p>\n","protected":false},"featured_media":23,"comment_status":"open","ping_status":"closed","template":"","meta":[],"product_brand":[],"product_cat":[16,17,22],"product_tag":[],"class_list":{"0":"post-76","1":"product","2":"type-product","3":"status-publish","4":"has-post-thumbnail","6":"product_cat-moveis","7":"product_cat-sala-de-estar","8":"product_cat-sofa","10":"first","11":"instock","12":"sale","13":"shipping-taxable","14":"purchasable","15":"product-type-simple"},"yoast_head":"<!-- This site is optimized with the Yoast SEO plugin v27.2 - https:\/\/yoast.com\/product\/yoast-seo-wordpress\/ -->\n<title>Sof\u00e1 3 Lugares Living P\u00e9 Palito Linho Cotton Cinza 210 cm - Mobiliar<\/title>\n<meta name=\"robots\" content=\"index, follow, max-snippet:-1, max-image-preview:large, max-video-preview:-1\" \/>\n<link rel=\"canonical\" href=\"https:\/\/louismenezes.com.br\/portfolio\/mobiliar\/produto\/sofa-3-lugares-living-pe-palito-linho-cotton-cinza-210-cm\/\" \/>\n<meta property=\"og:locale\" content=\"pt_BR\" \/>\n<meta property=\"og:type\" content=\"article\" \/>\n<meta property=\"og:title\" content=\"Sof\u00e1 3 Lugares Living P\u00e9 Palito Linho Cotton Cinza 210 cm - Mobiliar\" \/>\n<meta property=\"og:description\" content=\"Que tal o Sof\u00e1 Living?Para receber os amigos e familiares com muita eleg\u00e2ncia e conforto ou mesmo ficar aconchegante enquanto assiste a um filme ou l\u00ea um livro, o Sof\u00e1 Living \u00e9 a op\u00e7\u00e3o ideal. O design aposta na simplicidade das linhas e das formas, perfeito para um ambiente contempor\u00e2neo ou retr\u00f4. Todo o charme do m\u00f3vel est\u00e1 nos p\u00e9s em formato palito e na possibilidade que ele te d\u00e1 de fazer uma combina\u00e7\u00e3o diferente sempre que quiser mudar o seu ambiente. Legal, n\u00e9?\" \/>\n<meta property=\"og:url\" content=\"https:\/\/louismenezes.com.br\/portfolio\/mobiliar\/produto\/sofa-3-lugares-living-pe-palito-linho-cotton-cinza-210-cm\/\" \/>\n<meta property=\"og:site_name\" content=\"Mobiliar\" \/>\n<meta property=\"article:modified_time\" content=\"2021-12-23T12:04:01+00:00\" \/>\n<meta property=\"og:image\" content=\"https:\/\/louismenezes.com.br\/portfolio\/mobiliar\/wp-content\/uploads\/2021\/12\/78761624_2GG.jpg\" \/>\n\t<meta property=\"og:image:width\" content=\"500\" \/>\n\t<meta property=\"og:image:height\" content=\"500\" \/>\n\t<meta property=\"og:image:type\" content=\"image\/jpeg\" \/>\n<meta name=\"twitter:card\" content=\"summary_large_image\" \/>\n<meta name=\"twitter:label1\" content=\"Est. tempo de leitura\" \/>\n\t<meta name=\"twitter:data1\" content=\"1 minuto\" \/>\n<script type=\"application\/ld+json\" class=\"yoast-schema-graph\">{\"@context\":\"https:\/\/schema.org\",\"@graph\":[{\"@type\":\"WebPage\",\"@id\":\"https:\/\/louismenezes.com.br\/portfolio\/mobiliar\/produto\/sofa-3-lugares-living-pe-palito-linho-cotton-cinza-210-cm\/\",\"url\":\"https:\/\/louismenezes.com.br\/portfolio\/mobiliar\/produto\/sofa-3-lugares-living-pe-palito-linho-cotton-cinza-210-cm\/\",\"name\":\"Sof\u00e1 3 Lugares Living P\u00e9 Palito Linho Cotton Cinza 210 cm - Mobiliar\",\"isPartOf\":{\"@id\":\"https:\/\/louismenezes.com.br\/portfolio\/mobiliar\/#website\"},\"primaryImageOfPage\":{\"@id\":\"https:\/\/louismenezes.com.br\/portfolio\/mobiliar\/produto\/sofa-3-lugares-living-pe-palito-linho-cotton-cinza-210-cm\/#primaryimage\"},\"image\":{\"@id\":\"https:\/\/louismenezes.com.br\/portfolio\/mobiliar\/produto\/sofa-3-lugares-living-pe-palito-linho-cotton-cinza-210-cm\/#primaryimage\"},\"thumbnailUrl\":\"https:\/\/louismenezes.com.br\/portfolio\/mobiliar\/wp-content\/uploads\/2021\/12\/78761624_2GG.jpg\",\"datePublished\":\"2021-12-22T13:14:29+00:00\",\"dateModified\":\"2021-12-23T12:04:01+00:00\",\"breadcrumb\":{\"@id\":\"https:\/\/louismenezes.com.br\/portfolio\/mobiliar\/produto\/sofa-3-lugares-living-pe-palito-linho-cotton-cinza-210-cm\/#breadcrumb\"},\"inLanguage\":\"pt-BR\",\"potentialAction\":[{\"@type\":\"ReadAction\",\"target\":[\"https:\/\/louismenezes.com.br\/portfolio\/mobiliar\/produto\/sofa-3-lugares-living-pe-palito-linho-cotton-cinza-210-cm\/\"]}]},{\"@type\":\"ImageObject\",\"inLanguage\":\"pt-BR\",\"@id\":\"https:\/\/louismenezes.com.br\/portfolio\/mobiliar\/produto\/sofa-3-lugares-living-pe-palito-linho-cotton-cinza-210-cm\/#primaryimage\",\"url\":\"https:\/\/louismenezes.com.br\/portfolio\/mobiliar\/wp-content\/uploads\/2021\/12\/78761624_2GG.jpg\",\"contentUrl\":\"https:\/\/louismenezes.com.br\/portfolio\/mobiliar\/wp-content\/uploads\/2021\/12\/78761624_2GG.jpg\",\"width\":500,\"height\":500},{\"@type\":\"BreadcrumbList\",\"@id\":\"https:\/\/louismenezes.com.br\/portfolio\/mobiliar\/produto\/sofa-3-lugares-living-pe-palito-linho-cotton-cinza-210-cm\/#breadcrumb\",\"itemListElement\":[{\"@type\":\"ListItem\",\"position\":1,\"name\":\"In\u00edcio\",\"item\":\"https:\/\/louismenezes.com.br\/portfolio\/mobiliar\/\"},{\"@type\":\"ListItem\",\"position\":2,\"name\":\"Loja\",\"item\":\"https:\/\/louismenezes.com.br\/portfolio\/mobiliar\/loja\/\"},{\"@type\":\"ListItem\",\"position\":3,\"name\":\"Sof\u00e1 3 Lugares Living P\u00e9 Palito Linho Cotton Cinza 210 cm\"}]},{\"@type\":\"WebSite\",\"@id\":\"https:\/\/louismenezes.com.br\/portfolio\/mobiliar\/#website\",\"url\":\"https:\/\/louismenezes.com.br\/portfolio\/mobiliar\/\",\"name\":\"Mobiliar\",\"description\":\"Sua casa do seu jeito!\",\"publisher\":{\"@id\":\"https:\/\/louismenezes.com.br\/portfolio\/mobiliar\/#organization\"},\"potentialAction\":[{\"@type\":\"SearchAction\",\"target\":{\"@type\":\"EntryPoint\",\"urlTemplate\":\"https:\/\/louismenezes.com.br\/portfolio\/mobiliar\/?s={search_term_string}\"},\"query-input\":{\"@type\":\"PropertyValueSpecification\",\"valueRequired\":true,\"valueName\":\"search_term_string\"}}],\"inLanguage\":\"pt-BR\"},{\"@type\":\"Organization\",\"@id\":\"https:\/\/louismenezes.com.br\/portfolio\/mobiliar\/#organization\",\"name\":\"Mobiliar\",\"url\":\"https:\/\/louismenezes.com.br\/portfolio\/mobiliar\/\",\"logo\":{\"@type\":\"ImageObject\",\"inLanguage\":\"pt-BR\",\"@id\":\"https:\/\/louismenezes.com.br\/portfolio\/mobiliar\/#\/schema\/logo\/image\/\",\"url\":\"https:\/\/louismenezes.com.br\/portfolio\/mobiliar\/wp-content\/uploads\/2021\/12\/logo-mobiliar-1.png\",\"contentUrl\":\"https:\/\/louismenezes.com.br\/portfolio\/mobiliar\/wp-content\/uploads\/2021\/12\/logo-mobiliar-1.png\",\"width\":717,\"height\":133,\"caption\":\"Mobiliar\"},\"image\":{\"@id\":\"https:\/\/louismenezes.com.br\/portfolio\/mobiliar\/#\/schema\/logo\/image\/\"}}]}<\/script>\n<!-- \/ Yoast SEO plugin. -->","yoast_head_json":{"title":"Sof\u00e1 3 Lugares Living P\u00e9 Palito Linho Cotton Cinza 210 cm - Mobiliar","robots":{"index":"index","follow":"follow","max-snippet":"max-snippet:-1","max-image-preview":"max-image-preview:large","max-video-preview":"max-video-preview:-1"},"canonical":"https:\/\/louismenezes.com.br\/portfolio\/mobiliar\/produto\/sofa-3-lugares-living-pe-palito-linho-cotton-cinza-210-cm\/","og_locale":"pt_BR","og_type":"article","og_title":"Sof\u00e1 3 Lugares Living P\u00e9 Palito Linho Cotton Cinza 210 cm - Mobiliar","og_description":"Que tal o Sof\u00e1 Living?Para receber os amigos e familiares com muita eleg\u00e2ncia e conforto ou mesmo ficar aconchegante enquanto assiste a um filme ou l\u00ea um livro, o Sof\u00e1 Living \u00e9 a op\u00e7\u00e3o ideal. O design aposta na simplicidade das linhas e das formas, perfeito para um ambiente contempor\u00e2neo ou retr\u00f4. Todo o charme do m\u00f3vel est\u00e1 nos p\u00e9s em formato palito e na possibilidade que ele te d\u00e1 de fazer uma combina\u00e7\u00e3o diferente sempre que quiser mudar o seu ambiente. Legal, n\u00e9?","og_url":"https:\/\/louismenezes.com.br\/portfolio\/mobiliar\/produto\/sofa-3-lugares-living-pe-palito-linho-cotton-cinza-210-cm\/","og_site_name":"Mobiliar","article_modified_time":"2021-12-23T12:04:01+00:00","og_image":[{"width":500,"height":500,"url":"https:\/\/louismenezes.com.br\/portfolio\/mobiliar\/wp-content\/uploads\/2021\/12\/78761624_2GG.jpg","type":"image\/jpeg"}],"twitter_card":"summary_large_image","twitter_misc":{"Est. tempo de leitura":"1 minuto"},"schema":{"@context":"https:\/\/schema.org","@graph":[{"@type":"WebPage","@id":"https:\/\/louismenezes.com.br\/portfolio\/mobiliar\/produto\/sofa-3-lugares-living-pe-palito-linho-cotton-cinza-210-cm\/","url":"https:\/\/louismenezes.com.br\/portfolio\/mobiliar\/produto\/sofa-3-lugares-living-pe-palito-linho-cotton-cinza-210-cm\/","name":"Sof\u00e1 3 Lugares Living P\u00e9 Palito Linho Cotton Cinza 210 cm - Mobiliar","isPartOf":{"@id":"https:\/\/louismenezes.com.br\/portfolio\/mobiliar\/#website"},"primaryImageOfPage":{"@id":"https:\/\/louismenezes.com.br\/portfolio\/mobiliar\/produto\/sofa-3-lugares-living-pe-palito-linho-cotton-cinza-210-cm\/#primaryimage"},"image":{"@id":"https:\/\/louismenezes.com.br\/portfolio\/mobiliar\/produto\/sofa-3-lugares-living-pe-palito-linho-cotton-cinza-210-cm\/#primaryimage"},"thumbnailUrl":"https:\/\/louismenezes.com.br\/portfolio\/mobiliar\/wp-content\/uploads\/2021\/12\/78761624_2GG.jpg","datePublished":"2021-12-22T13:14:29+00:00","dateModified":"2021-12-23T12:04:01+00:00","breadcrumb":{"@id":"https:\/\/louismenezes.com.br\/portfolio\/mobiliar\/produto\/sofa-3-lugares-living-pe-palito-linho-cotton-cinza-210-cm\/#breadcrumb"},"inLanguage":"pt-BR","potentialAction":[{"@type":"ReadAction","target":["https:\/\/louismenezes.com.br\/portfolio\/mobiliar\/produto\/sofa-3-lugares-living-pe-palito-linho-cotton-cinza-210-cm\/"]}]},{"@type":"ImageObject","inLanguage":"pt-BR","@id":"https:\/\/louismenezes.com.br\/portfolio\/mobiliar\/produto\/sofa-3-lugares-living-pe-palito-linho-cotton-cinza-210-cm\/#primaryimage","url":"https:\/\/louismenezes.com.br\/portfolio\/mobiliar\/wp-content\/uploads\/2021\/12\/78761624_2GG.jpg","contentUrl":"https:\/\/louismenezes.com.br\/portfolio\/mobiliar\/wp-content\/uploads\/2021\/12\/78761624_2GG.jpg","width":500,"height":500},{"@type":"BreadcrumbList","@id":"https:\/\/louismenezes.com.br\/portfolio\/mobiliar\/produto\/sofa-3-lugares-living-pe-palito-linho-cotton-cinza-210-cm\/#breadcrumb","itemListElement":[{"@type":"ListItem","position":1,"name":"In\u00edcio","item":"https:\/\/louismenezes.com.br\/portfolio\/mobiliar\/"},{"@type":"ListItem","position":2,"name":"Loja","item":"https:\/\/louismenezes.com.br\/portfolio\/mobiliar\/loja\/"},{"@type":"ListItem","position":3,"name":"Sof\u00e1 3 Lugares Living P\u00e9 Palito Linho Cotton Cinza 210 cm"}]},{"@type":"WebSite","@id":"https:\/\/louismenezes.com.br\/portfolio\/mobiliar\/#website","url":"https:\/\/louismenezes.com.br\/portfolio\/mobiliar\/","name":"Mobiliar","description":"Sua casa do seu jeito!","publisher":{"@id":"https:\/\/louismenezes.com.br\/portfolio\/mobiliar\/#organization"},"potentialAction":[{"@type":"SearchAction","target":{"@type":"EntryPoint","urlTemplate":"https:\/\/louismenezes.com.br\/portfolio\/mobiliar\/?s={search_term_string}"},"query-input":{"@type":"PropertyValueSpecification","valueRequired":true,"valueName":"search_term_string"}}],"inLanguage":"pt-BR"},{"@type":"Organization","@id":"https:\/\/louismenezes.com.br\/portfolio\/mobiliar\/#organization","name":"Mobiliar","url":"https:\/\/louismenezes.com.br\/portfolio\/mobiliar\/","logo":{"@type":"ImageObject","inLanguage":"pt-BR","@id":"https:\/\/louismenezes.com.br\/portfolio\/mobiliar\/#\/schema\/logo\/image\/","url":"https:\/\/louismenezes.com.br\/portfolio\/mobiliar\/wp-content\/uploads\/2021\/12\/logo-mobiliar-1.png","contentUrl":"https:\/\/louismenezes.com.br\/portfolio\/mobiliar\/wp-content\/uploads\/2021\/12\/logo-mobiliar-1.png","width":717,"height":133,"caption":"Mobiliar"},"image":{"@id":"https:\/\/louismenezes.com.br\/portfolio\/mobiliar\/#\/schema\/logo\/image\/"}}]}},"_links":{"self":[{"href":"https:\/\/louismenezes.com.br\/portfolio\/mobiliar\/wp-json\/wp\/v2\/product\/76","targetHints":{"allow":["GET"]}}],"collection":[{"href":"https:\/\/louismenezes.com.br\/portfolio\/mobiliar\/wp-json\/wp\/v2\/product"}],"about":[{"href":"https:\/\/louismenezes.com.br\/portfolio\/mobiliar\/wp-json\/wp\/v2\/types\/product"}],"replies":[{"embeddable":true,"href":"https:\/\/louismenezes.com.br\/portfolio\/mobiliar\/wp-json\/wp\/v2\/comments?post=76"}],"wp:featuredmedia":[{"embeddable":true,"href":"https:\/\/louismenezes.com.br\/portfolio\/mobiliar\/wp-json\/wp\/v2\/media\/23"}],"wp:attachment":[{"href":"https:\/\/louismenezes.com.br\/portfolio\/mobiliar\/wp-json\/wp\/v2\/media?parent=76"}],"wp:term":[{"taxonomy":"product_brand","embeddable":true,"href":"https:\/\/louismenezes.com.br\/portfolio\/mobiliar\/wp-json\/wp\/v2\/product_brand?post=76"},{"taxonomy":"product_cat","embeddable":true,"href":"https:\/\/louismenezes.com.br\/portfolio\/mobiliar\/wp-json\/wp\/v2\/product_cat?post=76"},{"taxonomy":"product_tag","embeddable":true,"href":"https:\/\/louismenezes.com.br\/portfolio\/mobiliar\/wp-json\/wp\/v2\/product_tag?post=76"}],"curies":[{"name":"wp","href":"https:\/\/api.w.org\/{rel}","templated":true}]}}