{"id":14,"date":"2021-12-22T08:23:46","date_gmt":"2021-12-22T11:23:46","guid":{"rendered":"https:\/\/louismenezes.com.br\/portfolio\/mobiliar\/?post_type=product&#038;p=14"},"modified":"2021-12-23T09:03:39","modified_gmt":"2021-12-23T12:03:39","slug":"rack-pine-com-2-portas-rosa-claro","status":"publish","type":"product","link":"https:\/\/louismenezes.com.br\/portfolio\/mobiliar\/produto\/rack-pine-com-2-portas-rosa-claro\/","title":{"rendered":"RACK PINE COM 2 PORTAS \u2013 ROSA CLARO"},"content":{"rendered":"<div id=\"tab-description\" class=\"woocommerce-Tabs-panel woocommerce-Tabs-panel--description panel entry-content wc-tab\" role=\"tabpanel\" aria-labelledby=\"tab-title-description\">\n<h2>Descri\u00e7\u00e3o<\/h2>\n<h2 class=\"text-uppercase text-sm\">O PRODUTO<\/h2>\n<div class=\"mb-10\"><\/div>\n<div class=\"text-muted text-justify\">\n<p>O Rack Pine com 2 Portas \u2013 Rosa Claro vai mudar a sua casa para melhor,\u00a0 sua sala de estar ficar\u00e1 mais charmosa, e seus DVD\u2019s e Cd\u2019s n\u00e3o ficar\u00e3o mais perdidos por ai, pois poder\u00e3o ficar guardados dentro do rack, afinal sua sala merece ficar organizada.<\/p>\n<p>Queridinha da Vero, a Cole\u00e7\u00e3o Pine \u00e9 composta por produtos \u00fateis dessa forma eles deixar\u00e3o seu espa\u00e7o lindo e funcional.<\/p>\n<p>De linhas simples e com muito espa\u00e7o para armazenar produtos, a Pine \u00e9 ideal para quem procura por m\u00f3veis vers\u00e1teis e atemporais.<\/p>\n<h3 class=\"text-cinza font-16\">INFORMA\u00c7\u00c3O T\u00c9CNICA RACK PINE COM 2 PORTAS \u2013 ROSA CLARO<\/h3>\n<p>A estrutura, \u00a0portas e prateleiras do criado s\u00e3o produzidos em MDF com acabamento em laca (pintura). \u00a0E os p\u00e9s, em pinus com acabamento em verniz.<\/p>\n<p>Dobradi\u00e7as blum.<\/p>\n<p>Montagem: 2 pessoas. tempo 60min.<\/p>\n<p>Carga m\u00e1xima suportada: 60kg no tampo e 20kg em cada prateleira \u2013\u00a0peso distribu\u00eddo uniformemente entre a superf\u00edcie conforme imagem ilustrativa do produto.<\/p>\n<p>Dimens\u00e3o 120 x 63 x 45cm (largura x altura x profundidade).<\/p>\n<p>Produto desenvolvido para uso em \u00e1reas internas.<\/p>\n<p>Pode haver varia\u00e7\u00e3o de tonalidades e veios.<br \/>\nPossui dispositivo de seguran\u00e7a \u2013 permite que seu m\u00f3vel seja fixo na parede, evitando acidentes.<\/p>\n<p>ATEN\u00c7\u00c3O! PRODUTO SOFREU ALTERA\u00c7\u00c3O!<br \/>\nFuro para passa fios nos 3 fundos do rack.<br \/>\nRack com fundo colorido na frente e cru na traseira.<\/p>\n<\/div>\n<\/div>\n","protected":false},"excerpt":{"rendered":"<div class=\"elementor-element elementor-element-44d0bdf7 elementor-widget elementor-widget-woocommerce-product-short-description\" data-id=\"44d0bdf7\" data-element_type=\"widget\" data-widget_type=\"woocommerce-product-short-description.default\">\n<div class=\"elementor-widget-container\">\n<div class=\"woocommerce-product-details__short-description\">\n<h2 class=\"text-uppercase text-sm\">O PRODUTO<\/h2>\n<div class=\"mb-10\"><\/div>\n<div class=\"text-muted text-justify\">\n<p>O Rack Pine com 2 Portas \u2013 Rosa Claro vai mudar a sua casa para melhor,\u00a0 sua sala de estar ficar\u00e1 mais charmosa, e seus DVD\u2019s e Cd\u2019s n\u00e3o ficar\u00e3o mais perdidos por ai, pois poder\u00e3o ficar guardados dentro do rack, afinal sua sala merece ficar organizada.<\/p>\n<p>Queridinha da Vero, a Cole\u00e7\u00e3o Pine \u00e9 composta por produtos \u00fateis dessa forma eles deixar\u00e3o seu espa\u00e7o lindo e funcional.<\/p>\n<p>De linhas simples e com muito espa\u00e7o para armazenar produtos, a Pine \u00e9 ideal para quem procura por m\u00f3veis vers\u00e1teis e atemporais.<\/p>\n<\/div>\n<\/div>\n<\/div>\n<\/div>\n","protected":false},"featured_media":37,"comment_status":"open","ping_status":"closed","template":"","meta":[],"product_brand":[],"product_cat":[16,23,17],"product_tag":[],"class_list":{"0":"post-14","1":"product","2":"type-product","3":"status-publish","4":"has-post-thumbnail","6":"product_cat-moveis","7":"product_cat-racks-e-paineis","8":"product_cat-sala-de-estar","10":"first","11":"instock","12":"sale","13":"shipping-taxable","14":"purchasable","15":"product-type-simple"},"yoast_head":"<!-- This site is optimized with the Yoast SEO plugin v27.2 - https:\/\/yoast.com\/product\/yoast-seo-wordpress\/ -->\n<title>RACK PINE COM 2 PORTAS \u2013 ROSA CLARO - Mobiliar<\/title>\n<meta name=\"robots\" content=\"index, follow, max-snippet:-1, max-image-preview:large, max-video-preview:-1\" \/>\n<link rel=\"canonical\" href=\"https:\/\/louismenezes.com.br\/portfolio\/mobiliar\/produto\/rack-pine-com-2-portas-rosa-claro\/\" \/>\n<meta property=\"og:locale\" content=\"pt_BR\" \/>\n<meta property=\"og:type\" content=\"article\" \/>\n<meta property=\"og:title\" content=\"RACK PINE COM 2 PORTAS \u2013 ROSA CLARO - Mobiliar\" \/>\n<meta property=\"og:description\" content=\"O PRODUTO    O Rack Pine com 2 Portas \u2013 Rosa Claro vai mudar a sua casa para melhor,\u00a0 sua sala de estar ficar\u00e1 mais charmosa, e seus DVD\u2019s e Cd\u2019s n\u00e3o ficar\u00e3o mais perdidos por ai, pois poder\u00e3o ficar guardados dentro do rack, afinal sua sala merece ficar organizada.  Queridinha da Vero, a Cole\u00e7\u00e3o Pine \u00e9 composta por produtos \u00fateis dessa forma eles deixar\u00e3o seu espa\u00e7o lindo e funcional.  De linhas simples e com muito espa\u00e7o para armazenar produtos, a Pine \u00e9 ideal para quem procura por m\u00f3veis vers\u00e1teis e atemporais.\" \/>\n<meta property=\"og:url\" content=\"https:\/\/louismenezes.com.br\/portfolio\/mobiliar\/produto\/rack-pine-com-2-portas-rosa-claro\/\" \/>\n<meta property=\"og:site_name\" content=\"Mobiliar\" \/>\n<meta property=\"article:modified_time\" content=\"2021-12-23T12:03:39+00:00\" \/>\n<meta property=\"og:image\" content=\"https:\/\/louismenezes.com.br\/portfolio\/mobiliar\/wp-content\/uploads\/2021\/12\/rack-pine-com-2-portas-rosa-claro-perspectiva-1.jpg\" \/>\n\t<meta property=\"og:image:width\" content=\"800\" \/>\n\t<meta property=\"og:image:height\" content=\"839\" \/>\n\t<meta property=\"og:image:type\" content=\"image\/jpeg\" \/>\n<meta name=\"twitter:card\" content=\"summary_large_image\" \/>\n<meta name=\"twitter:label1\" content=\"Est. tempo de leitura\" \/>\n\t<meta name=\"twitter:data1\" content=\"1 minuto\" \/>\n<script type=\"application\/ld+json\" class=\"yoast-schema-graph\">{\"@context\":\"https:\/\/schema.org\",\"@graph\":[{\"@type\":\"WebPage\",\"@id\":\"https:\/\/louismenezes.com.br\/portfolio\/mobiliar\/produto\/rack-pine-com-2-portas-rosa-claro\/\",\"url\":\"https:\/\/louismenezes.com.br\/portfolio\/mobiliar\/produto\/rack-pine-com-2-portas-rosa-claro\/\",\"name\":\"RACK PINE COM 2 PORTAS \u2013 ROSA CLARO - Mobiliar\",\"isPartOf\":{\"@id\":\"https:\/\/louismenezes.com.br\/portfolio\/mobiliar\/#website\"},\"primaryImageOfPage\":{\"@id\":\"https:\/\/louismenezes.com.br\/portfolio\/mobiliar\/produto\/rack-pine-com-2-portas-rosa-claro\/#primaryimage\"},\"image\":{\"@id\":\"https:\/\/louismenezes.com.br\/portfolio\/mobiliar\/produto\/rack-pine-com-2-portas-rosa-claro\/#primaryimage\"},\"thumbnailUrl\":\"https:\/\/louismenezes.com.br\/portfolio\/mobiliar\/wp-content\/uploads\/2021\/12\/rack-pine-com-2-portas-rosa-claro-perspectiva-1.jpg\",\"datePublished\":\"2021-12-22T11:23:46+00:00\",\"dateModified\":\"2021-12-23T12:03:39+00:00\",\"breadcrumb\":{\"@id\":\"https:\/\/louismenezes.com.br\/portfolio\/mobiliar\/produto\/rack-pine-com-2-portas-rosa-claro\/#breadcrumb\"},\"inLanguage\":\"pt-BR\",\"potentialAction\":[{\"@type\":\"ReadAction\",\"target\":[\"https:\/\/louismenezes.com.br\/portfolio\/mobiliar\/produto\/rack-pine-com-2-portas-rosa-claro\/\"]}]},{\"@type\":\"ImageObject\",\"inLanguage\":\"pt-BR\",\"@id\":\"https:\/\/louismenezes.com.br\/portfolio\/mobiliar\/produto\/rack-pine-com-2-portas-rosa-claro\/#primaryimage\",\"url\":\"https:\/\/louismenezes.com.br\/portfolio\/mobiliar\/wp-content\/uploads\/2021\/12\/rack-pine-com-2-portas-rosa-claro-perspectiva-1.jpg\",\"contentUrl\":\"https:\/\/louismenezes.com.br\/portfolio\/mobiliar\/wp-content\/uploads\/2021\/12\/rack-pine-com-2-portas-rosa-claro-perspectiva-1.jpg\",\"width\":800,\"height\":839},{\"@type\":\"BreadcrumbList\",\"@id\":\"https:\/\/louismenezes.com.br\/portfolio\/mobiliar\/produto\/rack-pine-com-2-portas-rosa-claro\/#breadcrumb\",\"itemListElement\":[{\"@type\":\"ListItem\",\"position\":1,\"name\":\"In\u00edcio\",\"item\":\"https:\/\/louismenezes.com.br\/portfolio\/mobiliar\/\"},{\"@type\":\"ListItem\",\"position\":2,\"name\":\"Loja\",\"item\":\"https:\/\/louismenezes.com.br\/portfolio\/mobiliar\/loja\/\"},{\"@type\":\"ListItem\",\"position\":3,\"name\":\"RACK PINE COM 2 PORTAS \u2013 ROSA CLARO\"}]},{\"@type\":\"WebSite\",\"@id\":\"https:\/\/louismenezes.com.br\/portfolio\/mobiliar\/#website\",\"url\":\"https:\/\/louismenezes.com.br\/portfolio\/mobiliar\/\",\"name\":\"Mobiliar\",\"description\":\"Sua casa do seu jeito!\",\"publisher\":{\"@id\":\"https:\/\/louismenezes.com.br\/portfolio\/mobiliar\/#organization\"},\"potentialAction\":[{\"@type\":\"SearchAction\",\"target\":{\"@type\":\"EntryPoint\",\"urlTemplate\":\"https:\/\/louismenezes.com.br\/portfolio\/mobiliar\/?s={search_term_string}\"},\"query-input\":{\"@type\":\"PropertyValueSpecification\",\"valueRequired\":true,\"valueName\":\"search_term_string\"}}],\"inLanguage\":\"pt-BR\"},{\"@type\":\"Organization\",\"@id\":\"https:\/\/louismenezes.com.br\/portfolio\/mobiliar\/#organization\",\"name\":\"Mobiliar\",\"url\":\"https:\/\/louismenezes.com.br\/portfolio\/mobiliar\/\",\"logo\":{\"@type\":\"ImageObject\",\"inLanguage\":\"pt-BR\",\"@id\":\"https:\/\/louismenezes.com.br\/portfolio\/mobiliar\/#\/schema\/logo\/image\/\",\"url\":\"https:\/\/louismenezes.com.br\/portfolio\/mobiliar\/wp-content\/uploads\/2021\/12\/logo-mobiliar-1.png\",\"contentUrl\":\"https:\/\/louismenezes.com.br\/portfolio\/mobiliar\/wp-content\/uploads\/2021\/12\/logo-mobiliar-1.png\",\"width\":717,\"height\":133,\"caption\":\"Mobiliar\"},\"image\":{\"@id\":\"https:\/\/louismenezes.com.br\/portfolio\/mobiliar\/#\/schema\/logo\/image\/\"}}]}<\/script>\n<!-- \/ Yoast SEO plugin. -->","yoast_head_json":{"title":"RACK PINE COM 2 PORTAS \u2013 ROSA CLARO - Mobiliar","robots":{"index":"index","follow":"follow","max-snippet":"max-snippet:-1","max-image-preview":"max-image-preview:large","max-video-preview":"max-video-preview:-1"},"canonical":"https:\/\/louismenezes.com.br\/portfolio\/mobiliar\/produto\/rack-pine-com-2-portas-rosa-claro\/","og_locale":"pt_BR","og_type":"article","og_title":"RACK PINE COM 2 PORTAS \u2013 ROSA CLARO - Mobiliar","og_description":"O PRODUTO    O Rack Pine com 2 Portas \u2013 Rosa Claro vai mudar a sua casa para melhor,\u00a0 sua sala de estar ficar\u00e1 mais charmosa, e seus DVD\u2019s e Cd\u2019s n\u00e3o ficar\u00e3o mais perdidos por ai, pois poder\u00e3o ficar guardados dentro do rack, afinal sua sala merece ficar organizada.  Queridinha da Vero, a Cole\u00e7\u00e3o Pine \u00e9 composta por produtos \u00fateis dessa forma eles deixar\u00e3o seu espa\u00e7o lindo e funcional.  De linhas simples e com muito espa\u00e7o para armazenar produtos, a Pine \u00e9 ideal para quem procura por m\u00f3veis vers\u00e1teis e atemporais.","og_url":"https:\/\/louismenezes.com.br\/portfolio\/mobiliar\/produto\/rack-pine-com-2-portas-rosa-claro\/","og_site_name":"Mobiliar","article_modified_time":"2021-12-23T12:03:39+00:00","og_image":[{"width":800,"height":839,"url":"https:\/\/louismenezes.com.br\/portfolio\/mobiliar\/wp-content\/uploads\/2021\/12\/rack-pine-com-2-portas-rosa-claro-perspectiva-1.jpg","type":"image\/jpeg"}],"twitter_card":"summary_large_image","twitter_misc":{"Est. tempo de leitura":"1 minuto"},"schema":{"@context":"https:\/\/schema.org","@graph":[{"@type":"WebPage","@id":"https:\/\/louismenezes.com.br\/portfolio\/mobiliar\/produto\/rack-pine-com-2-portas-rosa-claro\/","url":"https:\/\/louismenezes.com.br\/portfolio\/mobiliar\/produto\/rack-pine-com-2-portas-rosa-claro\/","name":"RACK PINE COM 2 PORTAS \u2013 ROSA CLARO - Mobiliar","isPartOf":{"@id":"https:\/\/louismenezes.com.br\/portfolio\/mobiliar\/#website"},"primaryImageOfPage":{"@id":"https:\/\/louismenezes.com.br\/portfolio\/mobiliar\/produto\/rack-pine-com-2-portas-rosa-claro\/#primaryimage"},"image":{"@id":"https:\/\/louismenezes.com.br\/portfolio\/mobiliar\/produto\/rack-pine-com-2-portas-rosa-claro\/#primaryimage"},"thumbnailUrl":"https:\/\/louismenezes.com.br\/portfolio\/mobiliar\/wp-content\/uploads\/2021\/12\/rack-pine-com-2-portas-rosa-claro-perspectiva-1.jpg","datePublished":"2021-12-22T11:23:46+00:00","dateModified":"2021-12-23T12:03:39+00:00","breadcrumb":{"@id":"https:\/\/louismenezes.com.br\/portfolio\/mobiliar\/produto\/rack-pine-com-2-portas-rosa-claro\/#breadcrumb"},"inLanguage":"pt-BR","potentialAction":[{"@type":"ReadAction","target":["https:\/\/louismenezes.com.br\/portfolio\/mobiliar\/produto\/rack-pine-com-2-portas-rosa-claro\/"]}]},{"@type":"ImageObject","inLanguage":"pt-BR","@id":"https:\/\/louismenezes.com.br\/portfolio\/mobiliar\/produto\/rack-pine-com-2-portas-rosa-claro\/#primaryimage","url":"https:\/\/louismenezes.com.br\/portfolio\/mobiliar\/wp-content\/uploads\/2021\/12\/rack-pine-com-2-portas-rosa-claro-perspectiva-1.jpg","contentUrl":"https:\/\/louismenezes.com.br\/portfolio\/mobiliar\/wp-content\/uploads\/2021\/12\/rack-pine-com-2-portas-rosa-claro-perspectiva-1.jpg","width":800,"height":839},{"@type":"BreadcrumbList","@id":"https:\/\/louismenezes.com.br\/portfolio\/mobiliar\/produto\/rack-pine-com-2-portas-rosa-claro\/#breadcrumb","itemListElement":[{"@type":"ListItem","position":1,"name":"In\u00edcio","item":"https:\/\/louismenezes.com.br\/portfolio\/mobiliar\/"},{"@type":"ListItem","position":2,"name":"Loja","item":"https:\/\/louismenezes.com.br\/portfolio\/mobiliar\/loja\/"},{"@type":"ListItem","position":3,"name":"RACK PINE COM 2 PORTAS \u2013 ROSA CLARO"}]},{"@type":"WebSite","@id":"https:\/\/louismenezes.com.br\/portfolio\/mobiliar\/#website","url":"https:\/\/louismenezes.com.br\/portfolio\/mobiliar\/","name":"Mobiliar","description":"Sua casa do seu jeito!","publisher":{"@id":"https:\/\/louismenezes.com.br\/portfolio\/mobiliar\/#organization"},"potentialAction":[{"@type":"SearchAction","target":{"@type":"EntryPoint","urlTemplate":"https:\/\/louismenezes.com.br\/portfolio\/mobiliar\/?s={search_term_string}"},"query-input":{"@type":"PropertyValueSpecification","valueRequired":true,"valueName":"search_term_string"}}],"inLanguage":"pt-BR"},{"@type":"Organization","@id":"https:\/\/louismenezes.com.br\/portfolio\/mobiliar\/#organization","name":"Mobiliar","url":"https:\/\/louismenezes.com.br\/portfolio\/mobiliar\/","logo":{"@type":"ImageObject","inLanguage":"pt-BR","@id":"https:\/\/louismenezes.com.br\/portfolio\/mobiliar\/#\/schema\/logo\/image\/","url":"https:\/\/louismenezes.com.br\/portfolio\/mobiliar\/wp-content\/uploads\/2021\/12\/logo-mobiliar-1.png","contentUrl":"https:\/\/louismenezes.com.br\/portfolio\/mobiliar\/wp-content\/uploads\/2021\/12\/logo-mobiliar-1.png","width":717,"height":133,"caption":"Mobiliar"},"image":{"@id":"https:\/\/louismenezes.com.br\/portfolio\/mobiliar\/#\/schema\/logo\/image\/"}}]}},"_links":{"self":[{"href":"https:\/\/louismenezes.com.br\/portfolio\/mobiliar\/wp-json\/wp\/v2\/product\/14","targetHints":{"allow":["GET"]}}],"collection":[{"href":"https:\/\/louismenezes.com.br\/portfolio\/mobiliar\/wp-json\/wp\/v2\/product"}],"about":[{"href":"https:\/\/louismenezes.com.br\/portfolio\/mobiliar\/wp-json\/wp\/v2\/types\/product"}],"replies":[{"embeddable":true,"href":"https:\/\/louismenezes.com.br\/portfolio\/mobiliar\/wp-json\/wp\/v2\/comments?post=14"}],"wp:featuredmedia":[{"embeddable":true,"href":"https:\/\/louismenezes.com.br\/portfolio\/mobiliar\/wp-json\/wp\/v2\/media\/37"}],"wp:attachment":[{"href":"https:\/\/louismenezes.com.br\/portfolio\/mobiliar\/wp-json\/wp\/v2\/media?parent=14"}],"wp:term":[{"taxonomy":"product_brand","embeddable":true,"href":"https:\/\/louismenezes.com.br\/portfolio\/mobiliar\/wp-json\/wp\/v2\/product_brand?post=14"},{"taxonomy":"product_cat","embeddable":true,"href":"https:\/\/louismenezes.com.br\/portfolio\/mobiliar\/wp-json\/wp\/v2\/product_cat?post=14"},{"taxonomy":"product_tag","embeddable":true,"href":"https:\/\/louismenezes.com.br\/portfolio\/mobiliar\/wp-json\/wp\/v2\/product_tag?post=14"}],"curies":[{"name":"wp","href":"https:\/\/api.w.org\/{rel}","templated":true}]}}